{"id":9,"date":"2010-09-10T19:13:17","date_gmt":"2010-09-10T19:13:17","guid":{"rendered":"http:\/\/www.cecelka-basset.ic.cz\/?page_id=7"},"modified":"2018-09-05T10:57:09","modified_gmt":"2018-09-05T10:57:09","slug":"rodokmeny","status":"publish","type":"page","link":"http:\/\/cecelka-basset.cz\/?page_id=9","title":{"rendered":"Na\u0161i psi"},"content":{"rendered":"<h2>Fena Cloe Gloomy clown &#8211; bicolor \u2020 2017<\/h2>\n<p>&gt;<a href=\"http:\/\/cecelka-basset.cz\/wp-content\/uploads\/2010\/09\/Cloe-Gloomy1.jpg\"><img loading=\"lazy\" class=\"alignnone size-medium wp-image-391\" src=\"http:\/\/cecelka-basset.cz\/wp-content\/uploads\/2010\/09\/Cloe-Gloomy1-300x225.jpg\" alt=\"OLYMPUS DIGITAL CAMERA\" width=\"300\" height=\"225\" srcset=\"http:\/\/cecelka-basset.cz\/wp-content\/uploads\/2010\/09\/Cloe-Gloomy1-300x225.jpg 300w, http:\/\/cecelka-basset.cz\/wp-content\/uploads\/2010\/09\/Cloe-Gloomy1-1024x768.jpg 1024w\" sizes=\"(max-width: 300px) 100vw, 300px\" \/><\/a><\/p>\n<h2><\/h2>\n<h2>Pes Hitchcock Lady Barnett\u00b4s &#8211; tricolor \u2020 2018<\/h2>\n<p><a href=\"http:\/\/cecelka-basset.cz\/wp-content\/uploads\/2010\/09\/Hitchcock1.jpg\"><img loading=\"lazy\" class=\"alignnone size-medium wp-image-393\" src=\"http:\/\/cecelka-basset.cz\/wp-content\/uploads\/2010\/09\/Hitchcock1-300x225.jpg\" alt=\"OLYMPUS DIGITAL CAMERA\" width=\"300\" height=\"225\" srcset=\"http:\/\/cecelka-basset.cz\/wp-content\/uploads\/2010\/09\/Hitchcock1-300x225.jpg 300w, http:\/\/cecelka-basset.cz\/wp-content\/uploads\/2010\/09\/Hitchcock1-1024x768.jpg 1024w\" sizes=\"(max-width: 300px) 100vw, 300px\" \/><\/a><\/p>\n<h2><\/h2>\n<h2>Fena Angie \u010ce\u010delka z \u010ce\u010delic &#8211; tricolor<\/h2>\n<p><a href=\"http:\/\/cecelka-basset.cz\/wp-content\/uploads\/2010\/09\/Fena-Angie.jpg\"><img loading=\"lazy\" class=\"alignnone size-medium wp-image-658\" src=\"http:\/\/cecelka-basset.cz\/wp-content\/uploads\/2010\/09\/Fena-Angie-300x217.jpg\" alt=\"Fena Angie\" width=\"300\" height=\"217\" srcset=\"http:\/\/cecelka-basset.cz\/wp-content\/uploads\/2010\/09\/Fena-Angie-300x217.jpg 300w, http:\/\/cecelka-basset.cz\/wp-content\/uploads\/2010\/09\/Fena-Angie.jpg 750w\" sizes=\"(max-width: 300px) 100vw, 300px\" \/><\/a><\/p>\n<h2><\/h2>\n<h2>Fena Betty \u010ce\u010delka z \u010ce\u010delic &#8211; tricolor<\/h2>\n<p><a href=\"http:\/\/cecelka-basset.cz\/wp-content\/uploads\/2010\/09\/DSC_0070_up.jpg\"><img loading=\"lazy\" class=\"alignnone size-medium wp-image-660\" src=\"http:\/\/cecelka-basset.cz\/wp-content\/uploads\/2010\/09\/DSC_0070_up-300x194.jpg\" alt=\"DSC_0070_up\" width=\"300\" height=\"194\" srcset=\"http:\/\/cecelka-basset.cz\/wp-content\/uploads\/2010\/09\/DSC_0070_up-300x194.jpg 300w, http:\/\/cecelka-basset.cz\/wp-content\/uploads\/2010\/09\/DSC_0070_up.jpg 600w\" sizes=\"(max-width: 300px) 100vw, 300px\" \/><\/a><\/p>\n<p>&nbsp;<\/p>\n<h2>EIMI\u00a0\u010ce\u010delka z \u010ce\u010delic &#8211; tricolor<\/h2>\n<p><a href=\"http:\/\/cecelka-basset.cz\/wp-content\/uploads\/2010\/09\/34369131_2231639283542762_7716625646025179136_o-2.jpg\"><img loading=\"lazy\" class=\"alignnone size-medium wp-image-768\" src=\"http:\/\/cecelka-basset.cz\/wp-content\/uploads\/2010\/09\/34369131_2231639283542762_7716625646025179136_o-2-300x170.jpg\" alt=\"34369131_2231639283542762_7716625646025179136_o (2)\" width=\"300\" height=\"170\" srcset=\"http:\/\/cecelka-basset.cz\/wp-content\/uploads\/2010\/09\/34369131_2231639283542762_7716625646025179136_o-2-300x170.jpg 300w, http:\/\/cecelka-basset.cz\/wp-content\/uploads\/2010\/09\/34369131_2231639283542762_7716625646025179136_o-2.jpg 923w\" sizes=\"(max-width: 300px) 100vw, 300px\" \/><\/a><\/p>\n<h2>ESSI\u00a0\u010ce\u010delka z \u010ce\u010delic &#8211; tricolor<\/h2>\n<p><a href=\"http:\/\/cecelka-basset.cz\/wp-content\/uploads\/2010\/09\/34633227_2231641123542578_5790354018022719488_n.jpg\"><img loading=\"lazy\" class=\"alignnone size-medium wp-image-770\" src=\"http:\/\/cecelka-basset.cz\/wp-content\/uploads\/2010\/09\/34633227_2231641123542578_5790354018022719488_n-300x181.jpg\" alt=\"34633227_2231641123542578_5790354018022719488_n\" width=\"300\" height=\"181\" srcset=\"http:\/\/cecelka-basset.cz\/wp-content\/uploads\/2010\/09\/34633227_2231641123542578_5790354018022719488_n-300x181.jpg 300w, http:\/\/cecelka-basset.cz\/wp-content\/uploads\/2010\/09\/34633227_2231641123542578_5790354018022719488_n.jpg 764w\" sizes=\"(max-width: 300px) 100vw, 300px\" \/><\/a><\/p>\n<p>&nbsp;<\/p>\n","protected":false},"excerpt":{"rendered":"<p>Fena Cloe Gloomy clown &#8211; bicolor \u2020 2017 &gt; Pes Hitchcock Lady Barnett\u00b4s &#8211; tricolor \u2020 2018 Fena Angie \u010ce\u010delka z \u010ce\u010delic &#8211; tricolor Fena Betty \u010ce\u010delka z \u010ce\u010delic &#8211; tricolor &nbsp; EIMI\u00a0\u010ce\u010delka z \u010ce\u010delic &#8211; tricolor ESSI\u00a0\u010ce\u010delka z \u010ce\u010delic &#8211; tricolor &nbsp;<\/p>\n","protected":false},"author":1,"featured_media":0,"parent":0,"menu_order":2,"comment_status":"closed","ping_status":"open","template":"","meta":{"ngg_post_thumbnail":0},"_links":{"self":[{"href":"http:\/\/cecelka-basset.cz\/index.php?rest_route=\/wp\/v2\/pages\/9"}],"collection":[{"href":"http:\/\/cecelka-basset.cz\/index.php?rest_route=\/wp\/v2\/pages"}],"about":[{"href":"http:\/\/cecelka-basset.cz\/index.php?rest_route=\/wp\/v2\/types\/page"}],"author":[{"embeddable":true,"href":"http:\/\/cecelka-basset.cz\/index.php?rest_route=\/wp\/v2\/users\/1"}],"replies":[{"embeddable":true,"href":"http:\/\/cecelka-basset.cz\/index.php?rest_route=%2Fwp%2Fv2%2Fcomments&post=9"}],"version-history":[{"count":7,"href":"http:\/\/cecelka-basset.cz\/index.php?rest_route=\/wp\/v2\/pages\/9\/revisions"}],"predecessor-version":[{"id":771,"href":"http:\/\/cecelka-basset.cz\/index.php?rest_route=\/wp\/v2\/pages\/9\/revisions\/771"}],"wp:attachment":[{"href":"http:\/\/cecelka-basset.cz\/index.php?rest_route=%2Fwp%2Fv2%2Fmedia&parent=9"}],"curies":[{"name":"wp","href":"https:\/\/api.w.org\/{rel}","templated":true}]}}